{"id":413,"date":"2019-03-10T13:54:29","date_gmt":"2019-03-10T12:54:29","guid":{"rendered":"http:\/\/polmasters.pl\/?page_id=413"},"modified":"2025-10-02T20:32:53","modified_gmt":"2025-10-02T18:32:53","slug":"rankingi","status":"publish","type":"page","link":"https:\/\/polmasters.pl\/?page_id=413","title":{"rendered":"Rankingi"},"content":{"rendered":"\n<div class=\"wp-block-file\"><object class=\"wp-block-file__embed\" data=\"https:\/\/polmasters.pl\/wp-content\/uploads\/2025\/10\/Klasyfikacja-medalowa-1991-2025.pdf\" type=\"application\/pdf\" style=\"width:100%;height:600px\" aria-label=\"Osadzone z Klasyfikacja-medalowa-1991-2025.\"><\/object><a href=\"https:\/\/polmasters.pl\/wp-content\/uploads\/2025\/10\/Klasyfikacja-medalowa-1991-2025.pdf\" target=\"_blank\" rel=\"noreferrer noopener\">Klasyfikacja-medalowa-1991-2025<\/a><a href=\"https:\/\/polmasters.pl\/wp-content\/uploads\/2025\/10\/Klasyfikacja-medalowa-1991-2025.pdf\" class=\"wp-block-file__button\" download>Pobierz<\/a><\/div>\n\n\n\n<div class=\"wp-block-file\"><a href=\"https:\/\/polmasters.pl\/wp-content\/uploads\/2024\/07\/Klasyfikacja-Medalowa-Europa-Kobiety.pdf\" target=\"_blank\" rel=\"noreferrer noopener\">Klasyfikacja-Medalowa 2024-Europa-Kobiety<\/a><a href=\"https:\/\/polmasters.pl\/wp-content\/uploads\/2024\/07\/Klasyfikacja-Medalowa-Europa-Kobiety.pdf\" class=\"wp-block-file__button\" download>Pobierz<\/a><\/div>\n\n\n\n<div class=\"wp-block-file\"><a href=\"https:\/\/polmasters.pl\/wp-content\/uploads\/2024\/07\/Klasyfikacja-Medalowa-Europa-Mezczyzni.pdf\" target=\"_blank\" rel=\"noreferrer noopener\">Klasyfikacja-Medalowa 2024 -Europa-Mezczyzni<\/a><a href=\"https:\/\/polmasters.pl\/wp-content\/uploads\/2024\/07\/Klasyfikacja-Medalowa-Europa-Mezczyzni.pdf\" class=\"wp-block-file__button\" download>Pobierz<\/a><\/div>\n\n\n\n<div class=\"wp-block-file\"><a href=\"https:\/\/polmasters.pl\/wp-content\/uploads\/2024\/07\/Klasyfikacja-Medalowa-Swiat-Kobiety.pdf\" target=\"_blank\" rel=\"noreferrer noopener\">Klasyfikacja-Medalowa 2024 -Swiat-Kobiety<\/a><a href=\"https:\/\/polmasters.pl\/wp-content\/uploads\/2024\/07\/Klasyfikacja-Medalowa-Swiat-Kobiety.pdf\" class=\"wp-block-file__button\" download>Pobierz<\/a><\/div>\n\n\n\n<div class=\"wp-block-file\"><a href=\"https:\/\/polmasters.pl\/wp-content\/uploads\/2024\/07\/Klasyfikacja-Medalowa-Swiat-Mezczyzni.pdf\" target=\"_blank\" rel=\"noreferrer noopener\">Klasyfikacja-Medalowa 2024 -Swiat-Mezczyzni<\/a><a href=\"https:\/\/polmasters.pl\/wp-content\/uploads\/2024\/07\/Klasyfikacja-Medalowa-Swiat-Mezczyzni.pdf\" class=\"wp-block-file__button\" download>Pobierz<\/a><\/div>\n\n\n\n<div class=\"wp-block-file\"><a href=\"https:\/\/polmasters.pl\/wp-content\/uploads\/2019\/05\/Ranking-Polski-Masters-28.05.2019.pdf\" target=\"_blank\" rel=\"noreferrer noopener\">Ranking-Polski-Masters-28.05.2019<\/a><a href=\"https:\/\/polmasters.pl\/wp-content\/uploads\/2019\/05\/Ranking-Polski-Masters-28.05.2019.pdf\" class=\"wp-block-file__button\" download>Pobierz<\/a><\/div>\n\n\n\n<div class=\"wp-block-file\"><a href=\"https:\/\/polmasters.pl\/wp-content\/uploads\/2019\/04\/Ranking-Polski-Masters-2019-Kobiety.pdf\" target=\"_blank\" rel=\"noreferrer noopener\">Ranking Polski Masters &#8211; 2019 (Kobiety)<\/a><a href=\"https:\/\/polmasters.pl\/wp-content\/uploads\/2019\/04\/Ranking-Polski-Masters-2019-Kobiety.pdf\" class=\"wp-block-file__button\" download>Pobierz<\/a><\/div>\n\n\n\n<div class=\"wp-block-file\"><a href=\"https:\/\/polmasters.pl\/wp-content\/uploads\/2019\/04\/Ranking-Polski-Masters-2019-M\u0119\u017cczy\u017ani.pdf\" target=\"_blank\" rel=\"noreferrer noopener\">Ranking Polski Masters &#8211; 2019 (M\u0119\u017cczy\u017ani)<\/a><a href=\"https:\/\/polmasters.pl\/wp-content\/uploads\/2019\/04\/Ranking-Polski-Masters-2019-M\u0119\u017cczy\u017ani.pdf\" class=\"wp-block-file__button\" download>Pobierz<\/a><\/div>\n\n\n\n<div class=\"wp-block-file\"><a href=\"https:\/\/polmasters.pl\/wp-content\/uploads\/2019\/06\/Mistrzostwa-Europy-Masters-Medali\u015bci-Polska.pdf\" target=\"_blank\" rel=\"noreferrer noopener\">Mistrzostwa Europy Masters &#8211; Medali\u015bci Polska<\/a><a href=\"https:\/\/polmasters.pl\/wp-content\/uploads\/2019\/06\/Mistrzostwa-Europy-Masters-Medali\u015bci-Polska.pdf\" class=\"wp-block-file__button\" download>Pobierz<\/a><\/div>\n\n\n\n<div class=\"wp-block-file\"><a href=\"https:\/\/polmasters.pl\/wp-content\/uploads\/2019\/03\/RANKING-MEDALISTOW-MISTRZOSTW-SWIATA-POLSKA.pdf\" target=\"_blank\" rel=\"noreferrer noopener\">RANKING MEDALISTOW MISTRZOSTW SWIATA &#8211; POLSKA<\/a><a href=\"https:\/\/polmasters.pl\/wp-content\/uploads\/2019\/03\/RANKING-MEDALISTOW-MISTRZOSTW-SWIATA-POLSKA.pdf\" class=\"wp-block-file__button\" download>Pobierz<\/a><\/div>\n\n\n\n<div class=\"wp-block-file\"><a href=\"https:\/\/polmasters.pl\/wp-content\/uploads\/2019\/06\/Mistrzostwa-Europy-1991-2019-Medale.pdf\" target=\"_blank\" rel=\"noreferrer noopener\">Mistrzostwa Europy 1991 &#8211; 2019-Medale<\/a><a href=\"https:\/\/polmasters.pl\/wp-content\/uploads\/2019\/06\/Mistrzostwa-Europy-1991-2019-Medale.pdf\" class=\"wp-block-file__button\" download>Pobierz<\/a><\/div>\n\n\n\n<div class=\"wp-block-file\"><a href=\"https:\/\/polmasters.pl\/wp-content\/uploads\/2019\/06\/Mistrzostwa-Europy-1991-2019-Medali\u015bci.pdf\" target=\"_blank\" rel=\"noreferrer noopener\">Mistrzostwa Europy 1991-2019 &#8211; Medali\u015bci<\/a><a href=\"https:\/\/polmasters.pl\/wp-content\/uploads\/2019\/06\/Mistrzostwa-Europy-1991-2019-Medali\u015bci.pdf\" class=\"wp-block-file__button\" download>Pobierz<\/a><\/div>\n","protected":false},"excerpt":{"rendered":"","protected":false},"author":2,"featured_media":0,"parent":0,"menu_order":0,"comment_status":"closed","ping_status":"closed","template":"","meta":[],"_links":{"self":[{"href":"https:\/\/polmasters.pl\/index.php?rest_route=\/wp\/v2\/pages\/413"}],"collection":[{"href":"https:\/\/polmasters.pl\/index.php?rest_route=\/wp\/v2\/pages"}],"about":[{"href":"https:\/\/polmasters.pl\/index.php?rest_route=\/wp\/v2\/types\/page"}],"author":[{"embeddable":true,"href":"https:\/\/polmasters.pl\/index.php?rest_route=\/wp\/v2\/users\/2"}],"replies":[{"embeddable":true,"href":"https:\/\/polmasters.pl\/index.php?rest_route=%2Fwp%2Fv2%2Fcomments&post=413"}],"version-history":[{"count":10,"href":"https:\/\/polmasters.pl\/index.php?rest_route=\/wp\/v2\/pages\/413\/revisions"}],"predecessor-version":[{"id":3434,"href":"https:\/\/polmasters.pl\/index.php?rest_route=\/wp\/v2\/pages\/413\/revisions\/3434"}],"wp:attachment":[{"href":"https:\/\/polmasters.pl\/index.php?rest_route=%2Fwp%2Fv2%2Fmedia&parent=413"}],"curies":[{"name":"wp","href":"https:\/\/api.w.org\/{rel}","templated":true}]}}